{"id":9412,"date":"2021-02-03T14:03:51","date_gmt":"2021-02-03T13:03:51","guid":{"rendered":"https:\/\/www.anticor.pl\/?page_id=9412"},"modified":"2021-02-03T14:03:52","modified_gmt":"2021-02-03T13:03:52","slug":"aplikace","status":"publish","type":"page","link":"https:\/\/www.anticor.pl\/cs\/aplikace\/","title":{"rendered":"Aplikace"},"content":{"rendered":"","protected":false},"excerpt":{"rendered":"","protected":false},"author":3,"featured_media":0,"parent":0,"menu_order":0,"comment_status":"closed","ping_status":"closed","template":"page-zastosowanie.php","meta":{"_acf_changed":false,"footnotes":""},"class_list":["post-9412","page","type-page","status-publish","hentry"],"acf":[],"yoast_head":"<!-- This site is optimized with the Yoast SEO plugin v27.3 - https:\/\/yoast.com\/product\/yoast-seo-wordpress\/ -->\n<title>Aplikace - ANTICOR<\/title>\n<meta name=\"description\" content=\"Dzia\u0142amy w r\u00f3\u017cnych bran\u017cach przemys\u0142u, takich jak: gazownictwo, budownictwo, elektroinstalacje, wodoci\u0105gi, petrochemia, klimatyzacja, ciep\u0142ownictwo\" \/>\n<meta name=\"robots\" content=\"index, follow, max-snippet:-1, max-image-preview:large, max-video-preview:-1\" \/>\n<link rel=\"canonical\" href=\"https:\/\/www.anticor.pl\/cs\/aplikace\/\" \/>\n<meta property=\"og:locale\" content=\"cs_CZ\" \/>\n<meta property=\"og:type\" content=\"article\" \/>\n<meta property=\"og:title\" content=\"Aplikace - ANTICOR\" \/>\n<meta property=\"og:description\" content=\"Dzia\u0142amy w r\u00f3\u017cnych bran\u017cach przemys\u0142u, takich jak: gazownictwo, budownictwo, elektroinstalacje, wodoci\u0105gi, petrochemia, klimatyzacja, ciep\u0142ownictwo\" \/>\n<meta property=\"og:url\" content=\"https:\/\/www.anticor.pl\/cs\/aplikace\/\" \/>\n<meta property=\"og:site_name\" content=\"ANTICOR\" \/>\n<meta property=\"article:modified_time\" content=\"2021-02-03T13:03:52+00:00\" \/>\n<meta name=\"twitter:card\" content=\"summary_large_image\" \/>\n<script type=\"application\/ld+json\" class=\"yoast-schema-graph\">{\"@context\":\"https:\\\/\\\/schema.org\",\"@graph\":[{\"@type\":\"WebPage\",\"@id\":\"https:\\\/\\\/www.anticor.pl\\\/cs\\\/aplikace\\\/\",\"url\":\"https:\\\/\\\/www.anticor.pl\\\/cs\\\/aplikace\\\/\",\"name\":\"Aplikace - ANTICOR\",\"isPartOf\":{\"@id\":\"https:\\\/\\\/www.anticor.pl\\\/#website\"},\"datePublished\":\"2021-02-03T13:03:51+00:00\",\"dateModified\":\"2021-02-03T13:03:52+00:00\",\"description\":\"Dzia\u0142amy w r\u00f3\u017cnych bran\u017cach przemys\u0142u, takich jak: gazownictwo, budownictwo, elektroinstalacje, wodoci\u0105gi, petrochemia, klimatyzacja, ciep\u0142ownictwo\",\"inLanguage\":\"cs\",\"potentialAction\":[{\"@type\":\"ReadAction\",\"target\":[\"https:\\\/\\\/www.anticor.pl\\\/cs\\\/aplikace\\\/\"]}]},{\"@type\":\"WebSite\",\"@id\":\"https:\\\/\\\/www.anticor.pl\\\/#website\",\"url\":\"https:\\\/\\\/www.anticor.pl\\\/\",\"name\":\"ANTICOR\",\"description\":\"Dzia\u0142amy w r\u00f3\u017cnych bran\u017cach przemys\u0142u, takich jak: gazownictwo, budownictwo, elektroinstalacje, wodoci\u0105gi, petrochemia, klimatyzacja, ciep\u0142ownictwo\",\"publisher\":{\"@id\":\"https:\\\/\\\/www.anticor.pl\\\/#organization\"},\"potentialAction\":[{\"@type\":\"SearchAction\",\"target\":{\"@type\":\"EntryPoint\",\"urlTemplate\":\"https:\\\/\\\/www.anticor.pl\\\/?s={search_term_string}\"},\"query-input\":{\"@type\":\"PropertyValueSpecification\",\"valueRequired\":true,\"valueName\":\"search_term_string\"}}],\"inLanguage\":\"cs\"},{\"@type\":\"Organization\",\"@id\":\"https:\\\/\\\/www.anticor.pl\\\/#organization\",\"name\":\"ANTICOR Sp. z o.o.\",\"url\":\"https:\\\/\\\/www.anticor.pl\\\/\",\"logo\":{\"@type\":\"ImageObject\",\"inLanguage\":\"cs\",\"@id\":\"https:\\\/\\\/www.anticor.pl\\\/#\\\/schema\\\/logo\\\/image\\\/\",\"url\":\"https:\\\/\\\/www.anticor.pl\\\/wp-content\\\/uploads\\\/2021\\\/02\\\/ANTICOR30_LOGO_JPG-scaled.jpg\",\"contentUrl\":\"https:\\\/\\\/www.anticor.pl\\\/wp-content\\\/uploads\\\/2021\\\/02\\\/ANTICOR30_LOGO_JPG-scaled.jpg\",\"width\":2560,\"height\":695,\"caption\":\"ANTICOR Sp. z o.o.\"},\"image\":{\"@id\":\"https:\\\/\\\/www.anticor.pl\\\/#\\\/schema\\\/logo\\\/image\\\/\"},\"sameAs\":[\"https:\\\/\\\/www.linkedin.com\\\/company\\\/anticor30\\\/\"]}]}<\/script>\n<!-- \/ Yoast SEO plugin. -->","yoast_head_json":{"title":"Aplikace - ANTICOR","description":"Dzia\u0142amy w r\u00f3\u017cnych bran\u017cach przemys\u0142u, takich jak: gazownictwo, budownictwo, elektroinstalacje, wodoci\u0105gi, petrochemia, klimatyzacja, ciep\u0142ownictwo","robots":{"index":"index","follow":"follow","max-snippet":"max-snippet:-1","max-image-preview":"max-image-preview:large","max-video-preview":"max-video-preview:-1"},"canonical":"https:\/\/www.anticor.pl\/cs\/aplikace\/","og_locale":"cs_CZ","og_type":"article","og_title":"Aplikace - ANTICOR","og_description":"Dzia\u0142amy w r\u00f3\u017cnych bran\u017cach przemys\u0142u, takich jak: gazownictwo, budownictwo, elektroinstalacje, wodoci\u0105gi, petrochemia, klimatyzacja, ciep\u0142ownictwo","og_url":"https:\/\/www.anticor.pl\/cs\/aplikace\/","og_site_name":"ANTICOR","article_modified_time":"2021-02-03T13:03:52+00:00","twitter_card":"summary_large_image","schema":{"@context":"https:\/\/schema.org","@graph":[{"@type":"WebPage","@id":"https:\/\/www.anticor.pl\/cs\/aplikace\/","url":"https:\/\/www.anticor.pl\/cs\/aplikace\/","name":"Aplikace - ANTICOR","isPartOf":{"@id":"https:\/\/www.anticor.pl\/#website"},"datePublished":"2021-02-03T13:03:51+00:00","dateModified":"2021-02-03T13:03:52+00:00","description":"Dzia\u0142amy w r\u00f3\u017cnych bran\u017cach przemys\u0142u, takich jak: gazownictwo, budownictwo, elektroinstalacje, wodoci\u0105gi, petrochemia, klimatyzacja, ciep\u0142ownictwo","inLanguage":"cs","potentialAction":[{"@type":"ReadAction","target":["https:\/\/www.anticor.pl\/cs\/aplikace\/"]}]},{"@type":"WebSite","@id":"https:\/\/www.anticor.pl\/#website","url":"https:\/\/www.anticor.pl\/","name":"ANTICOR","description":"Dzia\u0142amy w r\u00f3\u017cnych bran\u017cach przemys\u0142u, takich jak: gazownictwo, budownictwo, elektroinstalacje, wodoci\u0105gi, petrochemia, klimatyzacja, ciep\u0142ownictwo","publisher":{"@id":"https:\/\/www.anticor.pl\/#organization"},"potentialAction":[{"@type":"SearchAction","target":{"@type":"EntryPoint","urlTemplate":"https:\/\/www.anticor.pl\/?s={search_term_string}"},"query-input":{"@type":"PropertyValueSpecification","valueRequired":true,"valueName":"search_term_string"}}],"inLanguage":"cs"},{"@type":"Organization","@id":"https:\/\/www.anticor.pl\/#organization","name":"ANTICOR Sp. z o.o.","url":"https:\/\/www.anticor.pl\/","logo":{"@type":"ImageObject","inLanguage":"cs","@id":"https:\/\/www.anticor.pl\/#\/schema\/logo\/image\/","url":"https:\/\/www.anticor.pl\/wp-content\/uploads\/2021\/02\/ANTICOR30_LOGO_JPG-scaled.jpg","contentUrl":"https:\/\/www.anticor.pl\/wp-content\/uploads\/2021\/02\/ANTICOR30_LOGO_JPG-scaled.jpg","width":2560,"height":695,"caption":"ANTICOR Sp. z o.o."},"image":{"@id":"https:\/\/www.anticor.pl\/#\/schema\/logo\/image\/"},"sameAs":["https:\/\/www.linkedin.com\/company\/anticor30\/"]}]}},"_links":{"self":[{"href":"https:\/\/www.anticor.pl\/cs\/wp-json\/wp\/v2\/pages\/9412","targetHints":{"allow":["GET"]}}],"collection":[{"href":"https:\/\/www.anticor.pl\/cs\/wp-json\/wp\/v2\/pages"}],"about":[{"href":"https:\/\/www.anticor.pl\/cs\/wp-json\/wp\/v2\/types\/page"}],"author":[{"embeddable":true,"href":"https:\/\/www.anticor.pl\/cs\/wp-json\/wp\/v2\/users\/3"}],"replies":[{"embeddable":true,"href":"https:\/\/www.anticor.pl\/cs\/wp-json\/wp\/v2\/comments?post=9412"}],"version-history":[{"count":1,"href":"https:\/\/www.anticor.pl\/cs\/wp-json\/wp\/v2\/pages\/9412\/revisions"}],"predecessor-version":[{"id":9413,"href":"https:\/\/www.anticor.pl\/cs\/wp-json\/wp\/v2\/pages\/9412\/revisions\/9413"}],"wp:attachment":[{"href":"https:\/\/www.anticor.pl\/cs\/wp-json\/wp\/v2\/media?parent=9412"}],"curies":[{"name":"wp","href":"https:\/\/api.w.org\/{rel}","templated":true}]}}