{"id":1154,"date":"2019-04-12T23:20:54","date_gmt":"2019-04-12T21:20:54","guid":{"rendered":"http:\/\/anticor.milleniumhost.pl\/o-firmie\/zintegrowana-polityka-zarzadzania-jakoscia\/"},"modified":"2019-09-06T14:55:21","modified_gmt":"2019-09-06T12:55:21","slug":"zintegrowana-polityka-zarzadzania-jakoscia","status":"publish","type":"page","link":"https:\/\/www.anticor.pl\/en\/o-firmie\/zintegrowana-polityka-zarzadzania-jakoscia\/","title":{"rendered":"POLICY FOR AN INTEGRATED MANAGEMENT QUALITY SYSTEM"},"content":{"rendered":"\n<p><strong>ANTICOR Sp. z o.o. specialises in: <\/strong><\/p>\n\n\n\n<ul class=\"wp-block-list\"><li>providing\nmodern materials, corrosion protection technologies and equipment for\nspecialized applications in various industries,<\/li><li>supply of insulation materials to the electrical engineering, HVAC,\nconstruction, automotive, gas, petrochemical, water, sewage and other\nindustries, <\/li><li>adding anti-corrosion protections and\ncoatings, <\/li><li>conducting theoretical and practical\ntraining courses at the customer&#8217;s premises in the field of proper use of the\nmaterials, products and technologies offered.<\/li><\/ul>\n\n\n\n<p>The main objective of the Company is\nto provide our customers with materials and services related to the\nconstruction and repair of pipelines for various branches of industry and to\nassist in solving technical problems related to anticorrosion protection. We make sure that our products meet\nthe expectations of the customer as well as complying with and meeting the\nrequirements of the law. As an employer, we ensure a good and friendly working\natmosphere, as well as the health and safety of our employees by treating them\nas paramount. <\/p>\n\n\n\n<p>The company guarantees punctuality,\nreliability, culture and kindness in customer contacts and service. <\/p>\n\n\n\n<p><strong>The satisfaction and trust of the\ncustomer in the quality of products while maintaining a high level of health\nand safety at work is a prerequisite for the operation and development of the\nCompany.<\/strong><strong><\/strong><\/p>\n\n\n\n<p>The Company sets itself the\noverriding objectives of quality and health and safety at work: <\/p>\n\n\n\n<ul class=\"wp-block-list\"><li>continuous improvement of the quality of the services provided, through\npunctuality, reliability and flexibility, <\/li><li>strengthening the Company&#8217;s position on the market, <\/li><li>expanding the assortment of products to attract customers,<\/li><li>continuous monitoring of the IMS processes implemented,<\/li><li>the obligation to comply with legal provisions,<\/li><li>developing and implementing efficient and environmentally safe working\nmethods and processes,<\/li><li>prevention of accidents at work, occupational illnesses and potential\naccidents.<\/li><\/ul>\n\n\n\n<p>The\nabove objectives are achieved through:<\/p>\n\n\n\n<ul class=\"wp-block-list\"><li>maintenance and continuous development of the Integrated Management\nSystem compliant with ISO 9001:2015, PN-N 18001:2004 standards in order to\nimprove its effectiveness, <\/li><li>meeting customer requirements, applicable standards and legal\nregulations concerning quality, health and safety at work and periodic\nconformity assessment, <\/li><li>increasing the Company&#8217;s resources in the area of products with the use\nof modern techniques, <\/li><li>improving the Company&#8217;s image by taking care of its surroundings,\nprotecting the natural environment and constant improvement of occupational\nhealth and safety,<\/li><li>striving for conscious and responsible action and commitment of\nemployees to quality, health and safety at work, through systematic training of\nemployees to improve their qualifications and sense of satisfaction with their\nwork and effective motivation,<\/li><li>conducting a broad dialogue with employees and all interested parties on\nthe Company&#8217;s undertakings for quality, and health and safety at work,<\/li><li>model management actions and the involvement of all employees in\nprogrammes to improve working conditions,<\/li><li>constant monitoring of the market and responding to the needs and\nproposals made by customers,<\/li><li>systematic analysis of customer satisfaction,<\/li><li>periodic review of the objectives and programmes and the effectiveness\nof the IMS.\n&nbsp;<\/li><\/ul>\n\n\n\n<p>All employees are responsible for\nthe quality of products, reliability and sense of responsibility in cooperation\nwith customers, and health and safety of themselves and their co-workers. <\/p>\n\n\n\n<p>Top management accepts responsibility for the effectiveness of the Integrated Management System, undertakes to ensure resources, its continuous improvement, and ensures that the content of IMS Policy decisions is known, understood, observed in the Company, and available to interested parties.<\/p>\n\n\n\n<p>Chief Executive Officer<\/p>\n\n\n\n<p>Tomasz BOCHENEK<\/p>\n\n\n\n<p>1<sup>st<\/sup> Edition, 09-04-2018<\/p>\n\n\n\n<p>&nbsp;&nbsp;&nbsp;&nbsp;&nbsp;&nbsp;&nbsp;&nbsp;&nbsp;&nbsp;&nbsp;&nbsp;&nbsp;&nbsp;&nbsp;&nbsp;&nbsp;&nbsp;&nbsp;&nbsp;&nbsp;&nbsp;&nbsp;&nbsp;&nbsp;&nbsp;&nbsp;&nbsp;&nbsp;&nbsp;&nbsp;&nbsp;&nbsp;&nbsp;&nbsp;&nbsp;&nbsp;&nbsp;&nbsp;&nbsp;&nbsp;&nbsp;&nbsp;&nbsp;&nbsp;&nbsp;&nbsp;&nbsp;&nbsp;&nbsp;&nbsp;&nbsp;&nbsp;&nbsp;&nbsp;&nbsp;&nbsp;&nbsp;&nbsp;&nbsp;&nbsp;&nbsp;&nbsp;&nbsp;&nbsp;&nbsp;&nbsp;&nbsp;&nbsp;&nbsp;&nbsp;&nbsp;&nbsp;&nbsp;&nbsp;&nbsp;&nbsp;&nbsp;&nbsp;&nbsp;&nbsp;&nbsp;&nbsp;&nbsp;&nbsp;&nbsp;&nbsp;&nbsp;&nbsp;&nbsp;&nbsp;&nbsp;&nbsp;&nbsp;&nbsp;&nbsp;&nbsp;&nbsp;&nbsp;&nbsp;&nbsp;&nbsp;&nbsp;&nbsp;&nbsp; &nbsp;&nbsp;&nbsp;&nbsp;<\/p>\n","protected":false},"excerpt":{"rendered":"<p>ANTICOR Sp. z o.o. specialises in: providing modern materials, corrosion protection technologies and equipment for specialized applications in various industries, supply of insulation materials to the electrical engineering, HVAC, construction, automotive, gas, petrochemical, water, sewage and other industries, adding anti-corrosion protections and coatings, conducting theoretical and practical training courses at the customer&#8217;s premises in the [&hellip;]<\/p>\n","protected":false},"author":4,"featured_media":0,"parent":1140,"menu_order":0,"comment_status":"closed","ping_status":"closed","template":"page-text.php","meta":{"_acf_changed":false,"footnotes":""},"class_list":["post-1154","page","type-page","status-publish","hentry"],"acf":[],"yoast_head":"<!-- This site is optimized with the Yoast SEO plugin v27.3 - https:\/\/yoast.com\/product\/yoast-seo-wordpress\/ -->\n<title>POLICY FOR AN INTEGRATED MANAGEMENT QUALITY SYSTEM - ANTICOR<\/title>\n<meta name=\"description\" content=\"Dzia\u0142amy w r\u00f3\u017cnych bran\u017cach przemys\u0142u, takich jak: gazownictwo, budownictwo, elektroinstalacje, wodoci\u0105gi, petrochemia, klimatyzacja, ciep\u0142ownictwo\" \/>\n<meta name=\"robots\" content=\"index, follow, max-snippet:-1, max-image-preview:large, max-video-preview:-1\" \/>\n<link rel=\"canonical\" href=\"https:\/\/www.anticor.pl\/en\/o-firmie\/zintegrowana-polityka-zarzadzania-jakoscia\/\" \/>\n<meta property=\"og:locale\" content=\"en_US\" \/>\n<meta property=\"og:type\" content=\"article\" \/>\n<meta property=\"og:title\" content=\"POLICY FOR AN INTEGRATED MANAGEMENT QUALITY SYSTEM - ANTICOR\" \/>\n<meta property=\"og:description\" content=\"Dzia\u0142amy w r\u00f3\u017cnych bran\u017cach przemys\u0142u, takich jak: gazownictwo, budownictwo, elektroinstalacje, wodoci\u0105gi, petrochemia, klimatyzacja, ciep\u0142ownictwo\" \/>\n<meta property=\"og:url\" content=\"https:\/\/www.anticor.pl\/en\/o-firmie\/zintegrowana-polityka-zarzadzania-jakoscia\/\" \/>\n<meta property=\"og:site_name\" content=\"ANTICOR\" \/>\n<meta property=\"article:modified_time\" content=\"2019-09-06T12:55:21+00:00\" \/>\n<meta name=\"twitter:card\" content=\"summary_large_image\" \/>\n<meta name=\"twitter:label1\" content=\"Est. reading time\" \/>\n\t<meta name=\"twitter:data1\" content=\"3 minutes\" \/>\n<script type=\"application\/ld+json\" class=\"yoast-schema-graph\">{\"@context\":\"https:\\\/\\\/schema.org\",\"@graph\":[{\"@type\":\"WebPage\",\"@id\":\"https:\\\/\\\/www.anticor.pl\\\/en\\\/o-firmie\\\/zintegrowana-polityka-zarzadzania-jakoscia\\\/\",\"url\":\"https:\\\/\\\/www.anticor.pl\\\/en\\\/o-firmie\\\/zintegrowana-polityka-zarzadzania-jakoscia\\\/\",\"name\":\"POLICY FOR AN INTEGRATED MANAGEMENT QUALITY SYSTEM - ANTICOR\",\"isPartOf\":{\"@id\":\"https:\\\/\\\/www.anticor.pl\\\/#website\"},\"datePublished\":\"2019-04-12T21:20:54+00:00\",\"dateModified\":\"2019-09-06T12:55:21+00:00\",\"description\":\"Dzia\u0142amy w r\u00f3\u017cnych bran\u017cach przemys\u0142u, takich jak: gazownictwo, budownictwo, elektroinstalacje, wodoci\u0105gi, petrochemia, klimatyzacja, ciep\u0142ownictwo\",\"breadcrumb\":{\"@id\":\"https:\\\/\\\/www.anticor.pl\\\/en\\\/o-firmie\\\/zintegrowana-polityka-zarzadzania-jakoscia\\\/#breadcrumb\"},\"inLanguage\":\"en-US\",\"potentialAction\":[{\"@type\":\"ReadAction\",\"target\":[\"https:\\\/\\\/www.anticor.pl\\\/en\\\/o-firmie\\\/zintegrowana-polityka-zarzadzania-jakoscia\\\/\"]}]},{\"@type\":\"BreadcrumbList\",\"@id\":\"https:\\\/\\\/www.anticor.pl\\\/en\\\/o-firmie\\\/zintegrowana-polityka-zarzadzania-jakoscia\\\/#breadcrumb\",\"itemListElement\":[{\"@type\":\"ListItem\",\"position\":1,\"name\":\"About us\",\"item\":\"https:\\\/\\\/www.anticor.pl\\\/en\\\/o-firmie\\\/\"},{\"@type\":\"ListItem\",\"position\":2,\"name\":\"POLICY FOR AN INTEGRATED MANAGEMENT QUALITY SYSTEM\"}]},{\"@type\":\"WebSite\",\"@id\":\"https:\\\/\\\/www.anticor.pl\\\/#website\",\"url\":\"https:\\\/\\\/www.anticor.pl\\\/\",\"name\":\"ANTICOR\",\"description\":\"Dzia\u0142amy w r\u00f3\u017cnych bran\u017cach przemys\u0142u, takich jak: gazownictwo, budownictwo, elektroinstalacje, wodoci\u0105gi, petrochemia, klimatyzacja, ciep\u0142ownictwo\",\"publisher\":{\"@id\":\"https:\\\/\\\/www.anticor.pl\\\/#organization\"},\"potentialAction\":[{\"@type\":\"SearchAction\",\"target\":{\"@type\":\"EntryPoint\",\"urlTemplate\":\"https:\\\/\\\/www.anticor.pl\\\/?s={search_term_string}\"},\"query-input\":{\"@type\":\"PropertyValueSpecification\",\"valueRequired\":true,\"valueName\":\"search_term_string\"}}],\"inLanguage\":\"en-US\"},{\"@type\":\"Organization\",\"@id\":\"https:\\\/\\\/www.anticor.pl\\\/#organization\",\"name\":\"ANTICOR Sp. z o.o.\",\"url\":\"https:\\\/\\\/www.anticor.pl\\\/\",\"logo\":{\"@type\":\"ImageObject\",\"inLanguage\":\"en-US\",\"@id\":\"https:\\\/\\\/www.anticor.pl\\\/#\\\/schema\\\/logo\\\/image\\\/\",\"url\":\"https:\\\/\\\/www.anticor.pl\\\/wp-content\\\/uploads\\\/2021\\\/02\\\/ANTICOR30_LOGO_JPG-scaled.jpg\",\"contentUrl\":\"https:\\\/\\\/www.anticor.pl\\\/wp-content\\\/uploads\\\/2021\\\/02\\\/ANTICOR30_LOGO_JPG-scaled.jpg\",\"width\":2560,\"height\":695,\"caption\":\"ANTICOR Sp. z o.o.\"},\"image\":{\"@id\":\"https:\\\/\\\/www.anticor.pl\\\/#\\\/schema\\\/logo\\\/image\\\/\"},\"sameAs\":[\"https:\\\/\\\/www.linkedin.com\\\/company\\\/anticor30\\\/\"]}]}<\/script>\n<!-- \/ Yoast SEO plugin. -->","yoast_head_json":{"title":"POLICY FOR AN INTEGRATED MANAGEMENT QUALITY SYSTEM - ANTICOR","description":"Dzia\u0142amy w r\u00f3\u017cnych bran\u017cach przemys\u0142u, takich jak: gazownictwo, budownictwo, elektroinstalacje, wodoci\u0105gi, petrochemia, klimatyzacja, ciep\u0142ownictwo","robots":{"index":"index","follow":"follow","max-snippet":"max-snippet:-1","max-image-preview":"max-image-preview:large","max-video-preview":"max-video-preview:-1"},"canonical":"https:\/\/www.anticor.pl\/en\/o-firmie\/zintegrowana-polityka-zarzadzania-jakoscia\/","og_locale":"en_US","og_type":"article","og_title":"POLICY FOR AN INTEGRATED MANAGEMENT QUALITY SYSTEM - ANTICOR","og_description":"Dzia\u0142amy w r\u00f3\u017cnych bran\u017cach przemys\u0142u, takich jak: gazownictwo, budownictwo, elektroinstalacje, wodoci\u0105gi, petrochemia, klimatyzacja, ciep\u0142ownictwo","og_url":"https:\/\/www.anticor.pl\/en\/o-firmie\/zintegrowana-polityka-zarzadzania-jakoscia\/","og_site_name":"ANTICOR","article_modified_time":"2019-09-06T12:55:21+00:00","twitter_card":"summary_large_image","twitter_misc":{"Est. reading time":"3 minutes"},"schema":{"@context":"https:\/\/schema.org","@graph":[{"@type":"WebPage","@id":"https:\/\/www.anticor.pl\/en\/o-firmie\/zintegrowana-polityka-zarzadzania-jakoscia\/","url":"https:\/\/www.anticor.pl\/en\/o-firmie\/zintegrowana-polityka-zarzadzania-jakoscia\/","name":"POLICY FOR AN INTEGRATED MANAGEMENT QUALITY SYSTEM - ANTICOR","isPartOf":{"@id":"https:\/\/www.anticor.pl\/#website"},"datePublished":"2019-04-12T21:20:54+00:00","dateModified":"2019-09-06T12:55:21+00:00","description":"Dzia\u0142amy w r\u00f3\u017cnych bran\u017cach przemys\u0142u, takich jak: gazownictwo, budownictwo, elektroinstalacje, wodoci\u0105gi, petrochemia, klimatyzacja, ciep\u0142ownictwo","breadcrumb":{"@id":"https:\/\/www.anticor.pl\/en\/o-firmie\/zintegrowana-polityka-zarzadzania-jakoscia\/#breadcrumb"},"inLanguage":"en-US","potentialAction":[{"@type":"ReadAction","target":["https:\/\/www.anticor.pl\/en\/o-firmie\/zintegrowana-polityka-zarzadzania-jakoscia\/"]}]},{"@type":"BreadcrumbList","@id":"https:\/\/www.anticor.pl\/en\/o-firmie\/zintegrowana-polityka-zarzadzania-jakoscia\/#breadcrumb","itemListElement":[{"@type":"ListItem","position":1,"name":"About us","item":"https:\/\/www.anticor.pl\/en\/o-firmie\/"},{"@type":"ListItem","position":2,"name":"POLICY FOR AN INTEGRATED MANAGEMENT QUALITY SYSTEM"}]},{"@type":"WebSite","@id":"https:\/\/www.anticor.pl\/#website","url":"https:\/\/www.anticor.pl\/","name":"ANTICOR","description":"Dzia\u0142amy w r\u00f3\u017cnych bran\u017cach przemys\u0142u, takich jak: gazownictwo, budownictwo, elektroinstalacje, wodoci\u0105gi, petrochemia, klimatyzacja, ciep\u0142ownictwo","publisher":{"@id":"https:\/\/www.anticor.pl\/#organization"},"potentialAction":[{"@type":"SearchAction","target":{"@type":"EntryPoint","urlTemplate":"https:\/\/www.anticor.pl\/?s={search_term_string}"},"query-input":{"@type":"PropertyValueSpecification","valueRequired":true,"valueName":"search_term_string"}}],"inLanguage":"en-US"},{"@type":"Organization","@id":"https:\/\/www.anticor.pl\/#organization","name":"ANTICOR Sp. z o.o.","url":"https:\/\/www.anticor.pl\/","logo":{"@type":"ImageObject","inLanguage":"en-US","@id":"https:\/\/www.anticor.pl\/#\/schema\/logo\/image\/","url":"https:\/\/www.anticor.pl\/wp-content\/uploads\/2021\/02\/ANTICOR30_LOGO_JPG-scaled.jpg","contentUrl":"https:\/\/www.anticor.pl\/wp-content\/uploads\/2021\/02\/ANTICOR30_LOGO_JPG-scaled.jpg","width":2560,"height":695,"caption":"ANTICOR Sp. z o.o."},"image":{"@id":"https:\/\/www.anticor.pl\/#\/schema\/logo\/image\/"},"sameAs":["https:\/\/www.linkedin.com\/company\/anticor30\/"]}]}},"_links":{"self":[{"href":"https:\/\/www.anticor.pl\/en\/wp-json\/wp\/v2\/pages\/1154","targetHints":{"allow":["GET"]}}],"collection":[{"href":"https:\/\/www.anticor.pl\/en\/wp-json\/wp\/v2\/pages"}],"about":[{"href":"https:\/\/www.anticor.pl\/en\/wp-json\/wp\/v2\/types\/page"}],"author":[{"embeddable":true,"href":"https:\/\/www.anticor.pl\/en\/wp-json\/wp\/v2\/users\/4"}],"replies":[{"embeddable":true,"href":"https:\/\/www.anticor.pl\/en\/wp-json\/wp\/v2\/comments?post=1154"}],"version-history":[{"count":4,"href":"https:\/\/www.anticor.pl\/en\/wp-json\/wp\/v2\/pages\/1154\/revisions"}],"predecessor-version":[{"id":7421,"href":"https:\/\/www.anticor.pl\/en\/wp-json\/wp\/v2\/pages\/1154\/revisions\/7421"}],"up":[{"embeddable":true,"href":"https:\/\/www.anticor.pl\/en\/wp-json\/wp\/v2\/pages\/1140"}],"wp:attachment":[{"href":"https:\/\/www.anticor.pl\/en\/wp-json\/wp\/v2\/media?parent=1154"}],"curies":[{"name":"wp","href":"https:\/\/api.w.org\/{rel}","templated":true}]}}